{"id":1215,"date":"2021-02-08T17:26:30","date_gmt":"2021-02-08T16:26:30","guid":{"rendered":"https:\/\/www.champagne-bosser.fr\/general-terms-and-conditions-of-sale\/"},"modified":"2021-02-08T17:41:54","modified_gmt":"2021-02-08T16:41:54","slug":"general-terms-and-conditions-of-sale","status":"publish","type":"page","link":"https:\/\/www.champagne-bosser.fr\/en\/general-terms-and-conditions-of-sale\/","title":{"rendered":"General terms and conditions of sale"},"content":{"rendered":"<div class=\"fusion-fullwidth fullwidth-box fusion-builder-row-1 fusion-flex-container nonhundred-percent-fullwidth non-hundred-percent-height-scrolling\" style=\"--awb-border-radius-top-left:0px;--awb-border-radius-top-right:0px;--awb-border-radius-bottom-right:0px;--awb-border-radius-bottom-left:0px;--awb-padding-top:120px;--awb-padding-bottom:120px;--awb-flex-wrap:wrap;\" ><div class=\"fusion-builder-row fusion-row fusion-flex-align-items-flex-start fusion-flex-content-wrap\" style=\"max-width:1248px;margin-left: calc(-4% \/ 2 );margin-right: calc(-4% \/ 2 );\"><div class=\"fusion-layout-column fusion_builder_column fusion-builder-column-0 fusion_builder_column_1_1 1_1 fusion-flex-column\" style=\"--awb-bg-size:cover;--awb-width-large:100%;--awb-margin-top-large:0px;--awb-spacing-right-large:1.92%;--awb-margin-bottom-large:20px;--awb-spacing-left-large:1.92%;--awb-width-medium:100%;--awb-order-medium:0;--awb-spacing-right-medium:1.92%;--awb-spacing-left-medium:1.92%;--awb-width-small:100%;--awb-order-small:0;--awb-spacing-right-small:1.92%;--awb-spacing-left-small:1.92%;\"><div class=\"fusion-column-wrapper fusion-column-has-shadow fusion-flex-justify-content-flex-start fusion-content-layout-column\"><div class=\"fusion-text fusion-text-1\"><p>Le fait pour un internaute de confirmer sa commande sur le site <a href=\"https:\/\/www.champagne-bosser.fr\/en\/\">https:\/\/www.champagne-bosser.fr\/<\/a> vaut acceptation pleine et enti\u00e8re des pr\u00e9sentes conditions g\u00e9n\u00e9rales de vente dans leur int\u00e9gralit\u00e9.<br \/>\nLe pr\u00e9sent contrat sera r\u00e9gi par le droit fran\u00e7ais. En ce qui concerne les professionnels, les tribunaux du si\u00e8ge social du site <a href=\"https:\/\/www.champagne-bosser.fr\/en\/\">https:\/\/www.champagne-bosser.fr\/<\/a> sont seuls comp\u00e9tents. En ce qui concerne les particuliers, ceux-ci peuvent saisir \u00e0 son choix l&#8217;une des juridictions territorialement comp\u00e9tentes en vertu du code de proc\u00e9dure civile ou la juridiction du lieu o\u00f9 il demeurait au moment du passage de la commande.<\/p>\n<p>PRISE DE COMMANDE<br \/>\nLes informations \u00e9nonc\u00e9es par l&#8217;acheteur, lors de la prise de commande engagent celui-ci : en cas d&#8217;erreur dans le libell\u00e9 des coordonn\u00e9es du destinataire, le vendeur ne saurait \u00eatre tenu responsable de l&#8217;impossibilit\u00e9 dans laquelle il pourrait \u00eatre de livrer le produit.<br \/>\nLes commandes ne sont d\u00e9finitives que lorsqu&#8217;elles ont \u00e9t\u00e9 confirm\u00e9es par le r\u00e8glement du prix par l&#8217;acheteur.<br \/>\nToutes nos offres s&#8217;entendent dans la limite des stocks disponibles sans engagement et sauf vente.<\/p>\n<p>LIVRAISON ET RECEPTION<br \/>\nLes produits sont livr\u00e9s en cartons livrables en une seule fois au m\u00eame endroit. Ne sont pas accept\u00e9es les adresses de livraisons suivantes : bo\u00eete postale, cedex, base militaire.<br \/>\nChampagne Jean-Philippe Bosser s&#8217;engage \u00e0 tout mettre en \u0153uvre afin de livrer les produits command\u00e9s dans les d\u00e9lais les plus rapides.<br \/>\nLes d\u00e9lais varient en fonction du pays de destination et de la r\u00e9gion choisis par le client.<br \/>\nLa livraison est effectu\u00e9e dans le d\u00e9lai pr\u00e9vu par la remise directe du produit au destinataire annonc\u00e9, soit en cas d&#8217;absence, par avis de mise \u00e0 disposition. Le client ou le destinataire dispose d\u2019un d\u00e9lai de quinze (15) jours pour r\u00e9cup\u00e9rer le colis selon les modalit\u00e9s indiqu\u00e9es sur l\u2019avis de passage. Pass\u00e9 ce d\u00e9lai, la commande sera renvoy\u00e9e automatiquement \u00e0 Champagne Jean-Philippe Bosser qui reprendra contact avec le client pour d\u00e9finir les conditions d\u2019une \u00e9ventuelle r\u00e9exp\u00e9dition. Les frais de traitement de cette nouvelle livraison seront alors factur\u00e9s au client aux co\u00fbts r\u00e9els des frais de port et de pr\u00e9paration.<\/p>\n<p>V\u00e9rifiez toujours votre colis \u00e0 l&#8217;arriv\u00e9e, et faites d&#8217;\u00e9ventuelles r\u00e9serves aupr\u00e8s du transporteur en cas de manquant ou de d\u00e9gradation. <\/p>\n<p>FACULTE DE RETRACTATION<br \/>\nEn application du Code de la consommation, l&#8217;acheteur dispose d&#8217;un d\u00e9lai de 14 jours francs \u00e0 compter de la livraison de sa commande pour signaler son souhait de faire retour du produit au vendeur. Il dispose ensuite, \u00e0 compter de ce signalement de 14 jours francs pour faire retour, de ses produits, sans p\u00e9nalit\u00e9, \u00e0 l&#8217;exception des frais de retour. <\/p>\n<p>PRIX<br \/>\nLe prix est exprim\u00e9 en Euro.<br \/>\nLe prix indiqu\u00e9 sur les fiches produit ne comprend pas le transport.<br \/>\nLe prix indiqu\u00e9 dans la confirmation de commande par Champagne Jean-Philippe Bosser est le prix d\u00e9finitif, exprim\u00e9 toutes taxes comprises. Ce prix comprend le prix des produits, les frais de manutention et d&#8217;emballage des produits, et de transport.<br \/>\nLes prix indiqu\u00e9s s&#8217;entendent toutes taxes comprises (prix TTC) France M\u00e9tropolitaine (TVA \u00e0 20 %) hors transport.<\/p>\n<p>PAIEMENT<br \/>\nLe r\u00e8glement des produits peut se faire par virement bancaire ou par carte bancaire. Une facture sera \u00e9tablie par Champagne Jean-Philippe Bosser et envoy\u00e9e au client \u00e0 son adresse de facturation.<br \/>\nLes produits restent la propri\u00e9t\u00e9 du Champagne Jean-Philippe Bosser jusqu&#8217;au r\u00e8glement int\u00e9gral des factures.<\/p>\n<p>LITIGES<br \/>\nLes r\u00e9clamations ou contestations seront toujours re\u00e7ues avec bienveillance attentive, la bonne foi \u00e9tant toujours pr\u00e9sum\u00e9e chez celui qui prend la peine d&#8217;exposer ses situations.<br \/>\nEn cas de litige, le client s&#8217;adressera par priorit\u00e9 \u00e0 l&#8217;entreprise pour obtenir une solution amiable.<\/p>\n<\/div><\/div><\/div><\/div><\/div>\n","protected":false},"excerpt":{"rendered":"","protected":false},"author":1,"featured_media":0,"parent":0,"menu_order":0,"comment_status":"closed","ping_status":"closed","template":"100-width.php","meta":{"footnotes":""},"class_list":["post-1215","page","type-page","status-publish","hentry"],"yoast_head":"<!-- This site is optimized with the Yoast SEO plugin v27.5 - https:\/\/yoast.com\/product\/yoast-seo-wordpress\/ -->\n<title>General terms and conditions of sale - Champagne Jean-Philippe Bosser<\/title>\n<meta name=\"robots\" content=\"index, follow, max-snippet:-1, max-image-preview:large, max-video-preview:-1\" \/>\n<link rel=\"canonical\" href=\"https:\/\/www.champagne-bosser.fr\/en\/general-terms-and-conditions-of-sale\/\" \/>\n<meta property=\"og:locale\" content=\"en_US\" \/>\n<meta property=\"og:type\" content=\"article\" \/>\n<meta property=\"og:title\" content=\"General terms and conditions of sale - Champagne Jean-Philippe Bosser\" \/>\n<meta property=\"og:url\" content=\"https:\/\/www.champagne-bosser.fr\/en\/general-terms-and-conditions-of-sale\/\" \/>\n<meta property=\"og:site_name\" content=\"Champagne Jean-Philippe Bosser\" \/>\n<meta property=\"article:publisher\" content=\"https:\/\/www.facebook.com\/champagnejpbosser\/\" \/>\n<meta property=\"article:modified_time\" content=\"2021-02-08T16:41:54+00:00\" \/>\n<meta name=\"twitter:card\" content=\"summary_large_image\" \/>\n<meta name=\"twitter:label1\" content=\"Est. reading time\" \/>\n\t<meta name=\"twitter:data1\" content=\"6 minutes\" \/>\n<script type=\"application\/ld+json\" class=\"yoast-schema-graph\">{\"@context\":\"https:\\\/\\\/schema.org\",\"@graph\":[{\"@type\":\"WebPage\",\"@id\":\"https:\\\/\\\/www.champagne-bosser.fr\\\/en\\\/general-terms-and-conditions-of-sale\\\/\",\"url\":\"https:\\\/\\\/www.champagne-bosser.fr\\\/en\\\/general-terms-and-conditions-of-sale\\\/\",\"name\":\"General terms and conditions of sale - Champagne Jean-Philippe Bosser\",\"isPartOf\":{\"@id\":\"https:\\\/\\\/www.champagne-bosser.fr\\\/en\\\/#website\"},\"datePublished\":\"2021-02-08T16:26:30+00:00\",\"dateModified\":\"2021-02-08T16:41:54+00:00\",\"breadcrumb\":{\"@id\":\"https:\\\/\\\/www.champagne-bosser.fr\\\/en\\\/general-terms-and-conditions-of-sale\\\/#breadcrumb\"},\"inLanguage\":\"en-US\",\"potentialAction\":[{\"@type\":\"ReadAction\",\"target\":[\"https:\\\/\\\/www.champagne-bosser.fr\\\/en\\\/general-terms-and-conditions-of-sale\\\/\"]}]},{\"@type\":\"BreadcrumbList\",\"@id\":\"https:\\\/\\\/www.champagne-bosser.fr\\\/en\\\/general-terms-and-conditions-of-sale\\\/#breadcrumb\",\"itemListElement\":[{\"@type\":\"ListItem\",\"position\":1,\"name\":\"Accueil\",\"item\":\"https:\\\/\\\/www.champagne-bosser.fr\\\/en\\\/\"},{\"@type\":\"ListItem\",\"position\":2,\"name\":\"General terms and conditions of sale\"}]},{\"@type\":\"WebSite\",\"@id\":\"https:\\\/\\\/www.champagne-bosser.fr\\\/en\\\/#website\",\"url\":\"https:\\\/\\\/www.champagne-bosser.fr\\\/en\\\/\",\"name\":\"Champagne Jean-Philippe Bosser\",\"description\":\"\",\"publisher\":{\"@id\":\"https:\\\/\\\/www.champagne-bosser.fr\\\/en\\\/#organization\"},\"potentialAction\":[{\"@type\":\"SearchAction\",\"target\":{\"@type\":\"EntryPoint\",\"urlTemplate\":\"https:\\\/\\\/www.champagne-bosser.fr\\\/en\\\/?s={search_term_string}\"},\"query-input\":{\"@type\":\"PropertyValueSpecification\",\"valueRequired\":true,\"valueName\":\"search_term_string\"}}],\"inLanguage\":\"en-US\"},{\"@type\":\"Organization\",\"@id\":\"https:\\\/\\\/www.champagne-bosser.fr\\\/en\\\/#organization\",\"name\":\"Champagne Jean-Philippe Bosser\",\"url\":\"https:\\\/\\\/www.champagne-bosser.fr\\\/en\\\/\",\"logo\":{\"@type\":\"ImageObject\",\"inLanguage\":\"en-US\",\"@id\":\"https:\\\/\\\/www.champagne-bosser.fr\\\/en\\\/#\\\/schema\\\/logo\\\/image\\\/\",\"url\":\"https:\\\/\\\/www.champagne-bosser.fr\\\/wp-content\\\/uploads\\\/2021\\\/01\\\/Logo-Champagne-Bosser-noir.png\",\"contentUrl\":\"https:\\\/\\\/www.champagne-bosser.fr\\\/wp-content\\\/uploads\\\/2021\\\/01\\\/Logo-Champagne-Bosser-noir.png\",\"width\":442,\"height\":238,\"caption\":\"Champagne Jean-Philippe Bosser\"},\"image\":{\"@id\":\"https:\\\/\\\/www.champagne-bosser.fr\\\/en\\\/#\\\/schema\\\/logo\\\/image\\\/\"},\"sameAs\":[\"https:\\\/\\\/www.facebook.com\\\/champagnejpbosser\\\/\",\"https:\\\/\\\/www.instagram.com\\\/champagnejpbosser\\\/\"]}]}<\/script>\n<!-- \/ Yoast SEO plugin. -->","yoast_head_json":{"title":"General terms and conditions of sale - Champagne Jean-Philippe Bosser","robots":{"index":"index","follow":"follow","max-snippet":"max-snippet:-1","max-image-preview":"max-image-preview:large","max-video-preview":"max-video-preview:-1"},"canonical":"https:\/\/www.champagne-bosser.fr\/en\/general-terms-and-conditions-of-sale\/","og_locale":"en_US","og_type":"article","og_title":"General terms and conditions of sale - Champagne Jean-Philippe Bosser","og_url":"https:\/\/www.champagne-bosser.fr\/en\/general-terms-and-conditions-of-sale\/","og_site_name":"Champagne Jean-Philippe Bosser","article_publisher":"https:\/\/www.facebook.com\/champagnejpbosser\/","article_modified_time":"2021-02-08T16:41:54+00:00","twitter_card":"summary_large_image","twitter_misc":{"Est. reading time":"6 minutes"},"schema":{"@context":"https:\/\/schema.org","@graph":[{"@type":"WebPage","@id":"https:\/\/www.champagne-bosser.fr\/en\/general-terms-and-conditions-of-sale\/","url":"https:\/\/www.champagne-bosser.fr\/en\/general-terms-and-conditions-of-sale\/","name":"General terms and conditions of sale - Champagne Jean-Philippe Bosser","isPartOf":{"@id":"https:\/\/www.champagne-bosser.fr\/en\/#website"},"datePublished":"2021-02-08T16:26:30+00:00","dateModified":"2021-02-08T16:41:54+00:00","breadcrumb":{"@id":"https:\/\/www.champagne-bosser.fr\/en\/general-terms-and-conditions-of-sale\/#breadcrumb"},"inLanguage":"en-US","potentialAction":[{"@type":"ReadAction","target":["https:\/\/www.champagne-bosser.fr\/en\/general-terms-and-conditions-of-sale\/"]}]},{"@type":"BreadcrumbList","@id":"https:\/\/www.champagne-bosser.fr\/en\/general-terms-and-conditions-of-sale\/#breadcrumb","itemListElement":[{"@type":"ListItem","position":1,"name":"Accueil","item":"https:\/\/www.champagne-bosser.fr\/en\/"},{"@type":"ListItem","position":2,"name":"General terms and conditions of sale"}]},{"@type":"WebSite","@id":"https:\/\/www.champagne-bosser.fr\/en\/#website","url":"https:\/\/www.champagne-bosser.fr\/en\/","name":"Champagne Jean-Philippe Bosser","description":"","publisher":{"@id":"https:\/\/www.champagne-bosser.fr\/en\/#organization"},"potentialAction":[{"@type":"SearchAction","target":{"@type":"EntryPoint","urlTemplate":"https:\/\/www.champagne-bosser.fr\/en\/?s={search_term_string}"},"query-input":{"@type":"PropertyValueSpecification","valueRequired":true,"valueName":"search_term_string"}}],"inLanguage":"en-US"},{"@type":"Organization","@id":"https:\/\/www.champagne-bosser.fr\/en\/#organization","name":"Champagne Jean-Philippe Bosser","url":"https:\/\/www.champagne-bosser.fr\/en\/","logo":{"@type":"ImageObject","inLanguage":"en-US","@id":"https:\/\/www.champagne-bosser.fr\/en\/#\/schema\/logo\/image\/","url":"https:\/\/www.champagne-bosser.fr\/wp-content\/uploads\/2021\/01\/Logo-Champagne-Bosser-noir.png","contentUrl":"https:\/\/www.champagne-bosser.fr\/wp-content\/uploads\/2021\/01\/Logo-Champagne-Bosser-noir.png","width":442,"height":238,"caption":"Champagne Jean-Philippe Bosser"},"image":{"@id":"https:\/\/www.champagne-bosser.fr\/en\/#\/schema\/logo\/image\/"},"sameAs":["https:\/\/www.facebook.com\/champagnejpbosser\/","https:\/\/www.instagram.com\/champagnejpbosser\/"]}]}},"_links":{"self":[{"href":"https:\/\/www.champagne-bosser.fr\/en\/wp-json\/wp\/v2\/pages\/1215","targetHints":{"allow":["GET"]}}],"collection":[{"href":"https:\/\/www.champagne-bosser.fr\/en\/wp-json\/wp\/v2\/pages"}],"about":[{"href":"https:\/\/www.champagne-bosser.fr\/en\/wp-json\/wp\/v2\/types\/page"}],"author":[{"embeddable":true,"href":"https:\/\/www.champagne-bosser.fr\/en\/wp-json\/wp\/v2\/users\/1"}],"replies":[{"embeddable":true,"href":"https:\/\/www.champagne-bosser.fr\/en\/wp-json\/wp\/v2\/comments?post=1215"}],"version-history":[{"count":4,"href":"https:\/\/www.champagne-bosser.fr\/en\/wp-json\/wp\/v2\/pages\/1215\/revisions"}],"predecessor-version":[{"id":1234,"href":"https:\/\/www.champagne-bosser.fr\/en\/wp-json\/wp\/v2\/pages\/1215\/revisions\/1234"}],"wp:attachment":[{"href":"https:\/\/www.champagne-bosser.fr\/en\/wp-json\/wp\/v2\/media?parent=1215"}],"curies":[{"name":"wp","href":"https:\/\/api.w.org\/{rel}","templated":true}]}}